{"id":8,"date":"2024-02-24T15:41:28","date_gmt":"2024-02-24T15:41:28","guid":{"rendered":"https:\/\/valquirico420.com\/?page_id=8"},"modified":"2024-02-24T15:41:28","modified_gmt":"2024-02-24T15:41:28","slug":"metatags1","status":"publish","type":"page","link":"https:\/\/valquirico420.com\/index.php\/metatags1\/","title":{"rendered":"metatags1"},"content":{"rendered":"<p>valquirico<br \/>\nvalquirico hotel<br \/>\nvalquirico navidad<br \/>\nval&#8217;quirico tlaxcala<br \/>\nvalquirico restaurantes<br \/>\nvilla toscana valquirico<br \/>\nvalquirico donde esta<br \/>\nque hacer en val&#8217;quirico<br \/>\nvalquirico weather<br \/>\nvalquirico airbnb<br \/>\nval&#8217;quirico a\u00f1o nuevo<br \/>\nvalquirico a\u00f1o nuevo 2024<br \/>\nval&#8217;quirico actividades<br \/>\nvalquirico a\u00f1o nuevo 2023<br \/>\nvalquirico abre el 25 de diciembre<br \/>\nvalquirico abre el 1 de enero<br \/>\nvalquirico a puebla<br \/>\nvalquirico a ex hacienda de chautla<br \/>\nvalquirico autobus<br \/>\nairbnb valquirico<br \/>\nactividades en valquirico<br \/>\nadolfo blanca valquirico<br \/>\na cuanto esta valquirico de puebla<br \/>\na que hora abre valquirico<br \/>\nautobus cdmx a valquirico<br \/>\nautobus a valquirico<br \/>\na que hora cierran valquirico<br \/>\na que hora cierra valquirico<br \/>\na cuanto esta valquirico de cdmx<br \/>\nvalquirico bienes raices<br \/>\nvalquirico boda<br \/>\nvalquirico baja california<br \/>\nvalquirico bares<br \/>\nvalquirico besame mucho<br \/>\nvalquirico bar<br \/>\nval&#8217;quirico boletos<br \/>\nvalquirico booking<br \/>\nvalquirico bolsa de trabajo<br \/>\nval quirico puebla boda<br \/>\nbodas en valquirico<br \/>\nbar valquirico<br \/>\nbella toscana valquirico<br \/>\nbares en valquirico<br \/>\nbistrino valquirico<br \/>\nbolsa de trabajo valquirico<br \/>\nboletos de autobus a valquirico<br \/>\nbesame mucho valquirico<br \/>\nbrilla fest valquirico<br \/>\nval&#8217;quirico clima<br \/>\nval&#8217;quirico casas<br \/>\nval&#8217;quirico centro<br \/>\nval&#8217;quirico clima ma\u00f1ana<br \/>\nval&#8217;quirico casas de venta<br \/>\nvalquirico captions<br \/>\nvalquirico concierto<br \/>\nvalquirico como llegar<br \/>\nval quirico cobran entrada<br \/>\nclima en valquirico<br \/>\ncomo llegar a valquirico desde puebla<br \/>\nval&#8217;quirico casas en venta<br \/>\ncasa taurina valquirico<br \/>\ncomo llegar a valquirico<br \/>\ncomo llegar a valquirico desde cdmx<br \/>\nciudad de mexico a valquirico<br \/>\nchepina valquirico<br \/>\ncomo llegar a valquirico desde cdmx en autobus<br \/>\ncdmx a valquirico<br \/>\nvalquirico diciembre<br \/>\nvalquirico dia de muertos<br \/>\nvalquirico due\u00f1o<br \/>\nvalquirico donde comer<br \/>\nval&#8217;quirico desayunos<br \/>\ndonde esta valquirico<br \/>\ndonde esta valquirico tlaxcala<br \/>\ndonde comer en valquirico<br \/>\ndesayunos en valquirico<br \/>\ndistancia de cdmx a val&#8217;quirico<br \/>\ndonde hospedarse en val&#8217;quirico<br \/>\ndonde queda val quirico tlaxcala<br \/>\ndonde se encuentra valquirico puebla<br \/>\ndonde queda valquirico puebla<br \/>\ndonde esta valquirico en puebla<br \/>\nval&#8217;quirico entrada<br \/>\nvalquirico eventos<br \/>\nval&#8217;quirico ensenada<br \/>\nvalquirico es pet friendly<br \/>\nvalquirico est\u00e1 abierto hoy<br \/>\nvalquirico en valle de guadalupe<br \/>\neventos en val&#8217;quirico 2023<br \/>\nvalquirico esta en puebla o tlaxcala<br \/>\nvalquirico en dia de muertos<br \/>\nescape room valquirico<br \/>\nen donde esta valquirico<br \/>\nel valquirico puebla<br \/>\nel valquirico<br \/>\nen que estado esta valquirico<br \/>\nestacionamiento valquirico<br \/>\nencomienda valquirico<br \/>\nex hacienda valquirico puebla<br \/>\nestacionamiento ejidal valquirico<br \/>\neventos valquirico<br \/>\nval&#8217;quirico fotos<br \/>\nvalquirico fin de a\u00f1o<br \/>\nvalquirico fin de a\u00f1o 2023<br \/>\nvalquirico fundacion<br \/>\nvalquirico facebook<br \/>\nvalquirico facturacion<br \/>\nvalquirico frases<br \/>\nval&#8217;quirico fraccionamiento<br \/>\nval&#8217;quirico fin de semana<br \/>\nval&#8217;quirico for sale<br \/>\nfotos de val&#8217;quirico<br \/>\nfacturacion estacionamiento ejidal valquirico<br \/>\nfestival valquirico<br \/>\nflamenco valquirico<br \/>\nfestival de trova valquirico 2023<br \/>\nfrases valquirico<br \/>\nfarmacia valquirico<br \/>\nfacturacion estacionamiento valquirico<br \/>\nfotos de val&#8217;quirico tlaxcala<br \/>\nfestival del asado val&#8217;quirico<br \/>\nvalquirico guadalajara<br \/>\nval&#8217;quirico google maps<br \/>\nvalquirico valle de guadalupe<br \/>\ngelato valquirico<br \/>\ngaleria valquirico<br \/>\ngeorges valquirico<br \/>\nrestaurante george valquirico<br \/>\nvalquirico globos aerostaticos<br \/>\ngiulietta valquirico<br \/>\nval&#8217;quirico ay guey<br \/>\nguadalajara a valquirico<br \/>\ngrand central valquirico<br \/>\ngalerias de arte valquirico<br \/>\ncomo llegar a valquirico desde guadalajara<br \/>\nval&#8217;quirico horario<br \/>\nval&#8217;quirico historia<br \/>\nval&#8217;quirico houses for sale<br \/>\nval&#8217;quirico homes for sale<br \/>\nvalquirico hoy<br \/>\nvalquirico horario domingo<br \/>\nvalquirico horario navidad<br \/>\nvalquirico hidalgo<br \/>\nvalquirico hotel canaria<br \/>\nhotel valquirico<br \/>\nhotel la bella toscana valquirico<br \/>\nhotel villa toscana valquirico<br \/>\nhistoria de val&#8217;quirico<br \/>\nhotel canaria valquirico<br \/>\nhoteles cerca de val&#8217;quirico<br \/>\nhacienda valquirico<br \/>\nhelados valquirico<br \/>\nhoteles pet friendly valquirico<br \/>\nval&#8217;quirico italia<br \/>\nvalquirico instagram<br \/>\nvalquirico imagenes<br \/>\nvalquirico inundado<br \/>\nvalquirico inundacion<br \/>\nvalquirico inspiracion<br \/>\nvalquirico inmobiliaria<br \/>\nvalquirico inmuebles<br \/>\nval&#8217;quirico indigo<br \/>\nval&#8217;quirico informaci\u00f3n<br \/>\nimagenes de val&#8217;quirico<br \/>\ninundacion valquirico<br \/>\nindigo restaurante valquirico<br \/>\nir a valquirico<br \/>\nitaliano de val&#8217;quirico<br \/>\nirapuato a valquirico<br \/>\nimagenes de valquirico tlaxcala<br \/>\nimagenes valquirico puebla<br \/>\nvalquirico jalisco<br \/>\njo eller ja<br \/>\nis j and j a good couple<br \/>\njoyeria en valquirico<br \/>\nvalquirico jalisco mexico<br \/>\nla casa del jamon valquirico<br \/>\nque jacer en valquirico<br \/>\nj*j imaginary<br \/>\nj and j compatibility<br \/>\nkeuka val quirico<br \/>\nki xocolatl valquirico<br \/>\nkan kan ki dava<br \/>\nkan kan price<br \/>\nk page kistler reviews<br \/>\nvalquirico logo<br \/>\nvalquirico luciernagas<br \/>\nlugares para visitar en val&#8217;quirico<br \/>\nvalquirico la ruta de los vinos<br \/>\nvalquirico la toscana<br \/>\nvalquirico locales<br \/>\nvalquirico lugares para comer<br \/>\nvalquirico la catrina<br \/>\nvalquirico lavanda<br \/>\nvalquirico lugar<br \/>\nla bella toscana valquirico<br \/>\nla encomienda valquirico<br \/>\nlugares para comer en valquirico<br \/>\nla casa de los abuelos valquirico<br \/>\nlugares para desayunar en valquirico<br \/>\nla ruta de los vinos valquirico<br \/>\nla toscana valquirico<br \/>\nla ruta del vino valquirico<br \/>\nloft milan valquirico<br \/>\nval&#8217;quirico mapa<br \/>\nval&#8217;quirico mexico homes for sale<br \/>\nvalquirico meaning<br \/>\nvalquirico maps<br \/>\nvalquirico mejores restaurantes<br \/>\nvalquirico meson de los reyes<br \/>\nvalquirico mascotas<br \/>\nvalquirico morelia<br \/>\nvalquirico mezcal<br \/>\nmapa valquirico<br \/>\nmeson de los reyes valquirico<br \/>\nmexico city to val&#8217;quirico<br \/>\nmejores restaurantes valquirico<br \/>\nmccarthy&#8217;s valquirico<br \/>\nmilano valquirico<br \/>\nmejor hotel en valquirico<br \/>\nmeson de los reyes valquirico menu<br \/>\nmestiza valquirico<br \/>\nvalquirico navidad 2023<br \/>\nvalquirico navidad 2023 fechas<br \/>\nvalquirico navidad 2022<br \/>\nvalquirico navide\u00f1o<br \/>\nvalquirico noticias<br \/>\nval&#8217;quirico en la noche<br \/>\nvalquirico ni\u00f1os<br \/>\nvalquirico noviembre 2023<br \/>\nvalquirico navidad 2023 precio<br \/>\nnuc valquirico<br \/>\nnavidad en valquirico<br \/>\nval&#8217;quirico nativitas<br \/>\nnoche mexicana en valquirico<br \/>\nnavidad en valquirico 2023<br \/>\nnuc restaurante valquirico<br \/>\nnavidad en valquirico 2022<br \/>\nvalquirico de noche<br \/>\nvalquirico puebla navidad<br \/>\nvalquirico outfit<br \/>\nval&#8217;quirico origen<br \/>\nvalquirico ofrendas<br \/>\nval&#8217;quirico oaxaca<br \/>\nvalquirico octubre<br \/>\nval&#8217;quirico opiniones<br \/>\notelo valquirico<br \/>\notello val&#8217;quirico<br \/>\noutfit val&#8217;quirico<br \/>\noutfit valquirico<br \/>\nout of africa valquirico<br \/>\norigen de valquirico<br \/>\noutfit para valquirico<br \/>\nofrendas valquirico<br \/>\noutfit para ir a valquirico<br \/>\nvalquirico puebla clima<br \/>\nvalquirico puebla hoteles<br \/>\nval&#8217;quirico pet friendly<br \/>\nvalquirico puebla imagenes<br \/>\nval&#8217;quirico precios<br \/>\nvalquirico pablo hermoso<br \/>\nvalquirico puebla restaurantes<br \/>\nvalquirico puebla como llegar<br \/>\npueblo valquirico<br \/>\npueblo magico valquirico<br \/>\npueblo valquirico puebla<br \/>\nposada valquiria valquirico<br \/>\npietro santo val&#8217;quirico<br \/>\npuebla valquirico distancia<br \/>\npueblos magicos cerca de valquirico<br \/>\npueblo valquirico tlaxcala<br \/>\npueblo valquirico mexico<br \/>\nposada valquirico valquirico<br \/>\nval&#8217;quirico que hacer<br \/>\nvalquirico queretaro<br \/>\nvalquirico que es<br \/>\nvalquirico que hay<br \/>\nvalquirico que significa<br \/>\nvalquirico que comer<br \/>\nque ver en val quirico<br \/>\nvalquirico q hacer<br \/>\nque estilo es val&#8217;quirico<br \/>\nval&#8217;quirico que estilo es<br \/>\nque es valquirico<br \/>\nque significa valquirico<br \/>\nquien hizo valquirico<br \/>\nque comer en valquirico<br \/>\nquien construyo valquirico<br \/>\nque hay en valquirico<br \/>\nquien fundo valquirico<br \/>\nqueretaro a valquirico<br \/>\nval&#8217;quirico real estate<br \/>\nval&#8217;quirico restaurante italiano<br \/>\nval&#8217;quirico reviews<br \/>\nval&#8217;quirico real estate for sale<br \/>\nvalquirico restaurants<br \/>\nvalquirico reservaciones<br \/>\nvalquirico renta local<br \/>\nval&#8217;quirico reino magico<br \/>\nvalquirico renta<br \/>\nrestaurantes valquirico<br \/>\nrestaurants en valquirico<br \/>\nrestaurante espa\u00f1ol valquirico<br \/>\nrestaurante nuc valquirico<br \/>\nrestaurantes valquirico precios<br \/>\nreinos de mexico valquirico<br \/>\nrestaurante italiano valquirico<br \/>\nrestaurantes valquirico pet friendly<br \/>\nrenta valquirico<br \/>\nrestaurantes para desayunar en valquirico<br \/>\nvalquirico spa<br \/>\nvalquirico significado<br \/>\nvalquirico sesion de fotos<br \/>\nvalquirico se inunda<br \/>\nvalquirico salon de eventos<br \/>\nvalquirico starbucks<br \/>\nval&#8217;quirico san miguel de allende<br \/>\nvalquirico se puede llevar perros<br \/>\nscape room valquirico<br \/>\nspa valquirico<br \/>\nsignificado de valquirico<br \/>\nsushi valquirico<br \/>\nsantorini valquirico<br \/>\nsalon de eventos valquirico<br \/>\nsesion de fotos en valquirico<br \/>\nsalome valquirico<br \/>\nsuperficie de valquirico<br \/>\nse puede fumar en valquirico<br \/>\nval&#8217;quirico terrenos<br \/>\nvalquirico tiendas<br \/>\nvalquirico tlaxcala fotos<br \/>\nvalquirico temperatura<br \/>\nvalquirico turibus<br \/>\nval&#8217;quirico tlaxcala mexico<br \/>\nvalquirico tlaxcala como llegar<br \/>\nvalquirico tlaxcala clima<br \/>\nvalquirico tlaxcala precios<br \/>\ntour a valquirico desde cdmx<br \/>\ntrova fest 2023 val&#8217;quirico<br \/>\ntlaxcala mexico valquirico puebla<br \/>\ntiendas en valquirico<br \/>\nterrenos valquirico<br \/>\ntlaxcala pueblo valquirico<br \/>\ntours valquirico<br \/>\ntrova fest val&#8217;quirico<br \/>\ntrovafest valquirico 2023<br \/>\nvalquirico ubicacion<br \/>\nval&#8217;quirico ubicaci\u00f3n<br \/>\nvalquirico donde esta ubicado<br \/>\nvalquirico donde se ubica<br \/>\nuniversidad val&#8217;quirico<br \/>\nval&#8217;quirico es un pueblo<br \/>\nvalquirico puebla ubicacion<br \/>\nval&#8217;quirico tlaxcala ubicacion<br \/>\nubicacion valquirico<br \/>\ndiez cero uno valquirico<br \/>\ndonde se ubica valquirico<br \/>\ndonde esta ubicado valquirico<br \/>\nubicacion de valquirico tlaxcala<br \/>\nuber de valquirico a puebla<br \/>\nval&#8217;quirico venta de casas<br \/>\nval&#8217;quirico video<br \/>\nvilla iluminada val&#8217;quirico<br \/>\nvalquirico viaje<br \/>\nvalquirico venta<br \/>\nvilla valquirico<br \/>\nvalquirico y volcanes<br \/>\nval&#8217;quirico wikipedia<br \/>\nfashion week valquirico<br \/>\nwhat to do in valquirico<br \/>\nweather valquirico<br \/>\nvalquirico wikipedia<br \/>\nwie is wie odisee<br \/>\nwie wird bmi berechnet<br \/>\nwie is wie<br \/>\nwo sind wir<br \/>\nval&#8217;quirico xoxtla<br \/>\nwhat is x-3x<br \/>\ncomo llegar a valquirico desde xalapa<br \/>\ntiempo de xalapa a valquirico<br \/>\ntour a val&#8217;quirico desde xalapa<br \/>\nviajes a val&#8217;quirico desde xalapa<br \/>\ndistancia de xalapa a val&#8217;quirico<br \/>\ndistancia de xoxtla a val&#8217;quirico<br \/>\nx kali x berapa<br \/>\nx-exo meaning<br \/>\nvalquirico youtube<br \/>\nvalquirico y cholula<br \/>\npuebla y val&#8217;quirico<br \/>\ntour valquirico y luci\u00e9rnagas<br \/>\ndistancia entre puebla y val&#8217;quirico<br \/>\ndistancia entre valquirico y cholula<br \/>\ndistancia entre valquirico y atlixco<br \/>\ndistancia entre tlaxcala y val&#8217;quirico<br \/>\nchipilo y valquirico<br \/>\nyoutube valquirico<br \/>\nchautla y val&#8217;quirico<br \/>\nchipilo y val&#8217;quirico<br \/>\nval&#8217;quirico horarios y precios<br \/>\nval&#8217;quirico historia y origen<br \/>\ntour luci\u00e9rnagas y val&#8217;quirico<br \/>\ntour puebla y val&#8217;quirico<br \/>\ncinema zero val quirico<br \/>\nvalquirico a zacatlan de las manzanas<br \/>\nvalquirico a zacatlan<br \/>\nhvor gammel er min ipad<br \/>\nz^i complex numbers<br \/>\nzupa z pasternaku<br \/>\njak udelat z videa boomerang<br \/>\nzocalo de val&#8217;quirico<br \/>\nzacatlan a valquirico<br \/>\ndistancia de valquirico a zacatl\u00e1n de las manzanas<br \/>\npuebla de zaragoza a val quirico<br \/>\ndistancia de zacatlan a valquirico<br \/>\nla catrina del zocalo valquirico<br \/>\nde valquirico a zacatlan<br \/>\nz near me<br \/>\nval&#8217;quirico puebla<br \/>\nvalquirico 15 de septiembre<br \/>\n1001 valquirico<br \/>\nvalquirico 15 de septiembre 2023<br \/>\nval&#8217;quirico 1 de enero<br \/>\nval&#8217;quirico 16 de septiembre<br \/>\n#1 song february 1 1997<br \/>\n11 1\/3 simplified<br \/>\n360 times 16<br \/>\n15 de septiembre en valquirico<br \/>\n1+1&#215;0 berapa<br \/>\nhoeveel is 1 pound<br \/>\n1 ons berapa hg<br \/>\n1 won berapa<br \/>\n1 are berapa<br \/>\nval&#8217;quirico 25 de diciembre<br \/>\nval&#8217;quirico 2023<br \/>\nvalquirico 2024<br \/>\nvalquirico diciembre 2023<br \/>\nvalquirico dia de muertos 2023<br \/>\nvalquirico luces navide\u00f1as 2023<br \/>\nque hacer en val&#8217;quirico 2023<br \/>\nvalquirico 31 de diciembre<br \/>\nvalquirico 31 diciembre<br \/>\n360\/3 simplified<br \/>\nis 3\/36 simplified<br \/>\nis 35 a size 3<br \/>\n3\/4 = \/36<br \/>\n3\/4 berapa<br \/>\n3 of 15.45<br \/>\n3 bit skladniki<br \/>\n3 on 3 tier list<br \/>\nis three to three free<br \/>\nval&#8217;quirico mexico<br \/>\n7 vale<br \/>\nval&#8217;quirico 90710<br \/>\nis 9.0 the same as 9<br \/>\n11\/9 of 36<br \/>\n11 9 in pounds<br \/>\nwhat is equivalent to 9\/36<br \/>\nwhat 9*9<br \/>\nwhat 9\/3 simplified<\/p>\n","protected":false},"excerpt":{"rendered":"<p>valquirico valquirico hotel valquirico navidad val&#8217;quirico tlaxcala valquirico restaurantes villa toscana valquirico valquirico donde esta que hacer en val&#8217;quirico valquirico weather valquirico airbnb val&#8217;quirico a\u00f1o nuevo valquirico a\u00f1o nuevo 2024 val&#8217;quirico actividades valquirico a\u00f1o nuevo 2023 valquirico abre el 25 de diciembre valquirico abre&#8230;<\/p>\n","protected":false},"author":1,"featured_media":0,"parent":0,"menu_order":0,"comment_status":"closed","ping_status":"closed","template":"","meta":{"footnotes":""},"class_list":["post-8","page","type-page","status-publish","hentry"],"yoast_head":"<!-- This site is optimized with the Yoast SEO plugin v27.4 - https:\/\/yoast.com\/product\/yoast-seo-wordpress\/ -->\n<title>metatags1 - Comprar Mota en Valquirico, Tlaxcala - Buy Weed in Valquirico - Cannabis 420 Valquirico - Whatsapp 00528132769756 Mike , veracruz, Eva Secundario 8135669557<\/title>\n<meta name=\"robots\" content=\"index, follow, max-snippet:-1, max-image-preview:large, max-video-preview:-1\" \/>\n<link rel=\"canonical\" href=\"https:\/\/valquirico420.com\/index.php\/metatags1\/\" \/>\n<meta property=\"og:locale\" content=\"es_MX\" \/>\n<meta property=\"og:type\" content=\"article\" \/>\n<meta property=\"og:title\" content=\"metatags1 - Comprar Mota en Valquirico, Tlaxcala - Buy Weed in Valquirico - Cannabis 420 Valquirico - Whatsapp 00528132769756 Mike , veracruz, Eva Secundario 8135669557\" \/>\n<meta property=\"og:description\" content=\"valquirico valquirico hotel valquirico navidad val&#8217;quirico tlaxcala valquirico restaurantes villa toscana valquirico valquirico donde esta que hacer en val&#8217;quirico valquirico weather valquirico airbnb val&#8217;quirico a\u00f1o nuevo valquirico a\u00f1o nuevo 2024 val&#8217;quirico actividades valquirico a\u00f1o nuevo 2023 valquirico abre el 25 de diciembre valquirico abre...\" \/>\n<meta property=\"og:url\" content=\"https:\/\/valquirico420.com\/index.php\/metatags1\/\" \/>\n<meta property=\"og:site_name\" content=\"Comprar Mota en Valquirico, Tlaxcala - Buy Weed in Valquirico - Cannabis 420 Valquirico - Whatsapp 00528132769756 Mike , veracruz, Eva Secundario 8135669557\" \/>\n<meta name=\"twitter:card\" content=\"summary_large_image\" \/>\n<meta name=\"twitter:label1\" content=\"Tiempo de lectura\" \/>\n\t<meta name=\"twitter:data1\" content=\"7 minutos\" \/>\n<script type=\"application\/ld+json\" class=\"yoast-schema-graph\">{\"@context\":\"https:\\\/\\\/schema.org\",\"@graph\":[{\"@type\":\"WebPage\",\"@id\":\"https:\\\/\\\/valquirico420.com\\\/index.php\\\/metatags1\\\/\",\"url\":\"https:\\\/\\\/valquirico420.com\\\/index.php\\\/metatags1\\\/\",\"name\":\"metatags1 - Comprar Mota en Valquirico, Tlaxcala - Buy Weed in Valquirico - Cannabis 420 Valquirico - Whatsapp 00528132769756 Mike , veracruz, Eva Secundario 8135669557\",\"isPartOf\":{\"@id\":\"https:\\\/\\\/valquirico420.com\\\/#website\"},\"datePublished\":\"2024-02-24T15:41:28+00:00\",\"breadcrumb\":{\"@id\":\"https:\\\/\\\/valquirico420.com\\\/index.php\\\/metatags1\\\/#breadcrumb\"},\"inLanguage\":\"es\",\"potentialAction\":[{\"@type\":\"ReadAction\",\"target\":[\"https:\\\/\\\/valquirico420.com\\\/index.php\\\/metatags1\\\/\"]}]},{\"@type\":\"BreadcrumbList\",\"@id\":\"https:\\\/\\\/valquirico420.com\\\/index.php\\\/metatags1\\\/#breadcrumb\",\"itemListElement\":[{\"@type\":\"ListItem\",\"position\":1,\"name\":\"Inicio\",\"item\":\"https:\\\/\\\/valquirico420.com\\\/\"},{\"@type\":\"ListItem\",\"position\":2,\"name\":\"metatags1\"}]},{\"@type\":\"WebSite\",\"@id\":\"https:\\\/\\\/valquirico420.com\\\/#website\",\"url\":\"https:\\\/\\\/valquirico420.com\\\/\",\"name\":\"Comprar Mota en Valquirico, Tlaxcala - Buy Weed in Valquirico - Cannabis 420 Valquirico - Whatsapp 00528132769756 Mike , veracruz, Eva Secundario 8135669557\",\"description\":\"Buy Cannabis online in Valquirico, Tlaxcala 420\",\"publisher\":{\"@id\":\"https:\\\/\\\/valquirico420.com\\\/#organization\"},\"potentialAction\":[{\"@type\":\"SearchAction\",\"target\":{\"@type\":\"EntryPoint\",\"urlTemplate\":\"https:\\\/\\\/valquirico420.com\\\/?s={search_term_string}\"},\"query-input\":{\"@type\":\"PropertyValueSpecification\",\"valueRequired\":true,\"valueName\":\"search_term_string\"}}],\"inLanguage\":\"es\"},{\"@type\":\"Organization\",\"@id\":\"https:\\\/\\\/valquirico420.com\\\/#organization\",\"name\":\"Comprar Mota en Valquirico, Tlaxcala - Buy Weed in Valquirico - Cannabis 420 Valquirico - Whatsapp 00528132769756 Mike , veracruz, Eva Secundario 8135669557\",\"url\":\"https:\\\/\\\/valquirico420.com\\\/\",\"logo\":{\"@type\":\"ImageObject\",\"inLanguage\":\"es\",\"@id\":\"https:\\\/\\\/valquirico420.com\\\/#\\\/schema\\\/logo\\\/image\\\/\",\"url\":\"https:\\\/\\\/valquirico420.com\\\/wp-content\\\/uploads\\\/2024\\\/02\\\/cropped-val1.jpeg\",\"contentUrl\":\"https:\\\/\\\/valquirico420.com\\\/wp-content\\\/uploads\\\/2024\\\/02\\\/cropped-val1.jpeg\",\"width\":283,\"height\":127,\"caption\":\"Comprar Mota en Valquirico, Tlaxcala - Buy Weed in Valquirico - Cannabis 420 Valquirico - Whatsapp 00528132769756 Mike , veracruz, Eva Secundario 8135669557\"},\"image\":{\"@id\":\"https:\\\/\\\/valquirico420.com\\\/#\\\/schema\\\/logo\\\/image\\\/\"}}]}<\/script>\n<!-- \/ Yoast SEO plugin. -->","yoast_head_json":{"title":"metatags1 - Comprar Mota en Valquirico, Tlaxcala - Buy Weed in Valquirico - Cannabis 420 Valquirico - Whatsapp 00528132769756 Mike , veracruz, Eva Secundario 8135669557","robots":{"index":"index","follow":"follow","max-snippet":"max-snippet:-1","max-image-preview":"max-image-preview:large","max-video-preview":"max-video-preview:-1"},"canonical":"https:\/\/valquirico420.com\/index.php\/metatags1\/","og_locale":"es_MX","og_type":"article","og_title":"metatags1 - Comprar Mota en Valquirico, Tlaxcala - Buy Weed in Valquirico - Cannabis 420 Valquirico - Whatsapp 00528132769756 Mike , veracruz, Eva Secundario 8135669557","og_description":"valquirico valquirico hotel valquirico navidad val&#8217;quirico tlaxcala valquirico restaurantes villa toscana valquirico valquirico donde esta que hacer en val&#8217;quirico valquirico weather valquirico airbnb val&#8217;quirico a\u00f1o nuevo valquirico a\u00f1o nuevo 2024 val&#8217;quirico actividades valquirico a\u00f1o nuevo 2023 valquirico abre el 25 de diciembre valquirico abre...","og_url":"https:\/\/valquirico420.com\/index.php\/metatags1\/","og_site_name":"Comprar Mota en Valquirico, Tlaxcala - Buy Weed in Valquirico - Cannabis 420 Valquirico - Whatsapp 00528132769756 Mike , veracruz, Eva Secundario 8135669557","twitter_card":"summary_large_image","twitter_misc":{"Tiempo de lectura":"7 minutos"},"schema":{"@context":"https:\/\/schema.org","@graph":[{"@type":"WebPage","@id":"https:\/\/valquirico420.com\/index.php\/metatags1\/","url":"https:\/\/valquirico420.com\/index.php\/metatags1\/","name":"metatags1 - Comprar Mota en Valquirico, Tlaxcala - Buy Weed in Valquirico - Cannabis 420 Valquirico - Whatsapp 00528132769756 Mike , veracruz, Eva Secundario 8135669557","isPartOf":{"@id":"https:\/\/valquirico420.com\/#website"},"datePublished":"2024-02-24T15:41:28+00:00","breadcrumb":{"@id":"https:\/\/valquirico420.com\/index.php\/metatags1\/#breadcrumb"},"inLanguage":"es","potentialAction":[{"@type":"ReadAction","target":["https:\/\/valquirico420.com\/index.php\/metatags1\/"]}]},{"@type":"BreadcrumbList","@id":"https:\/\/valquirico420.com\/index.php\/metatags1\/#breadcrumb","itemListElement":[{"@type":"ListItem","position":1,"name":"Inicio","item":"https:\/\/valquirico420.com\/"},{"@type":"ListItem","position":2,"name":"metatags1"}]},{"@type":"WebSite","@id":"https:\/\/valquirico420.com\/#website","url":"https:\/\/valquirico420.com\/","name":"Comprar Mota en Valquirico, Tlaxcala - Buy Weed in Valquirico - Cannabis 420 Valquirico - Whatsapp 00528132769756 Mike , veracruz, Eva Secundario 8135669557","description":"Buy Cannabis online in Valquirico, Tlaxcala 420","publisher":{"@id":"https:\/\/valquirico420.com\/#organization"},"potentialAction":[{"@type":"SearchAction","target":{"@type":"EntryPoint","urlTemplate":"https:\/\/valquirico420.com\/?s={search_term_string}"},"query-input":{"@type":"PropertyValueSpecification","valueRequired":true,"valueName":"search_term_string"}}],"inLanguage":"es"},{"@type":"Organization","@id":"https:\/\/valquirico420.com\/#organization","name":"Comprar Mota en Valquirico, Tlaxcala - Buy Weed in Valquirico - Cannabis 420 Valquirico - Whatsapp 00528132769756 Mike , veracruz, Eva Secundario 8135669557","url":"https:\/\/valquirico420.com\/","logo":{"@type":"ImageObject","inLanguage":"es","@id":"https:\/\/valquirico420.com\/#\/schema\/logo\/image\/","url":"https:\/\/valquirico420.com\/wp-content\/uploads\/2024\/02\/cropped-val1.jpeg","contentUrl":"https:\/\/valquirico420.com\/wp-content\/uploads\/2024\/02\/cropped-val1.jpeg","width":283,"height":127,"caption":"Comprar Mota en Valquirico, Tlaxcala - Buy Weed in Valquirico - Cannabis 420 Valquirico - Whatsapp 00528132769756 Mike , veracruz, Eva Secundario 8135669557"},"image":{"@id":"https:\/\/valquirico420.com\/#\/schema\/logo\/image\/"}}]}},"_links":{"self":[{"href":"https:\/\/valquirico420.com\/index.php\/wp-json\/wp\/v2\/pages\/8","targetHints":{"allow":["GET"]}}],"collection":[{"href":"https:\/\/valquirico420.com\/index.php\/wp-json\/wp\/v2\/pages"}],"about":[{"href":"https:\/\/valquirico420.com\/index.php\/wp-json\/wp\/v2\/types\/page"}],"author":[{"embeddable":true,"href":"https:\/\/valquirico420.com\/index.php\/wp-json\/wp\/v2\/users\/1"}],"replies":[{"embeddable":true,"href":"https:\/\/valquirico420.com\/index.php\/wp-json\/wp\/v2\/comments?post=8"}],"version-history":[{"count":0,"href":"https:\/\/valquirico420.com\/index.php\/wp-json\/wp\/v2\/pages\/8\/revisions"}],"wp:attachment":[{"href":"https:\/\/valquirico420.com\/index.php\/wp-json\/wp\/v2\/media?parent=8"}],"curies":[{"name":"wp","href":"https:\/\/api.w.org\/{rel}","templated":true}]}}